{"id":924,"date":"2019-04-16T19:34:13","date_gmt":"2019-04-16T17:34:13","guid":{"rendered":"https:\/\/inertiame.com\/?page_id=924"},"modified":"2020-03-25T12:17:03","modified_gmt":"2020-03-25T11:17:03","slug":"gpdr","status":"publish","type":"page","link":"https:\/\/inertiame.com\/fr\/gpdr\/","title":{"rendered":"RGPD"},"content":{"rendered":"<h3>Qui sommes-nous ?<\/h3>\r\n<p>INERTIA HOLDING<br \/>Pole Innovation &#8211; 18bd Guillet Maillet<br \/>17100 SAINTES \u2013 France<br \/>T\u00e9l. : <a href=\"tel:+33674197668\">0033 (0) 6 74 19 76 68<\/a><br \/>N\u00b0SIRET : 835 222 530 00023<br \/>Code APE : 6420Z<\/p>\r\n<h3>Utilisation des donn\u00e9es personnelles collect\u00e9es<\/h3>\r\n<p>Lors de votre visite sur ce site internet, vous pouvez \u00eatre amen\u00e9(e) \u00e0 nous communiquer volontairement des donn\u00e9es personnelles, notamment via le formulaire de contact : Nom, Pr\u00e9nom et Email. Nous utilisons ces donn\u00e9es uniquement au sein d&#8217;Inertia Holding, afin de vous contacter et de traiter vos demandes. Vous \u00eates inform\u00e9(e) et vous validez manuellement la collecte de vos donn\u00e9es personnelles en cochant une case d\u00e9di\u00e9e dans chaque formulaire, sans quoi vos donn\u00e9es ne peuvent nous \u00eatre transmises. <strong>Les informations que vous nous transmettez ne feront jamais l&#8217;objet d&#8217;une utilisation commerciale<\/strong> en dehors de la relation client \u00e9tablie \u00e0 votre demande.<\/p>\r\n<h3>Cookies et statistiques<\/h3>\r\n<p>Le pr\u00e9sent site internet utilise des marqueurs, appel\u00e9s cookies, g\u00e9r\u00e9s par la plateforme Google Analytics, qui s&#8217;enregistrent via votre navigateur internet et <strong>communiquent de fa\u00e7on anonyme des informations<\/strong> de votre navigation sur le site, du type : pages visit\u00e9es, dur\u00e9es de visite, support utilis\u00e9 (ordinateur, tablette, smartphone&#8230;), adresse IP, provenance (recherche internet, r\u00e9seaux sociaux, sites externes&#8230;), ou encore origine g\u00e9ographique (r\u00e9gion). Vous pouvez vous opposer \u00e0 la collecte de ces informations anonymes via le bouton &#8220;Refuser&#8221; qui s&#8217;affiche dans le bandeau d&#8217;information cookies en bas de la page \u00e0 l&#8217;ouverture du site.<br \/><a href=\"https:\/\/support.google.com\/analytics\/answer\/6004245?hl=fr\">&gt; Consulter la politique de confidentialit\u00e9 de Google Analytics<\/a>.<\/p>\r\n<h3>Utilisation et transmission de vos donn\u00e9es personnelles<\/h3>\r\n<p>Les donn\u00e9es personnelles et les informations anonymes qu&#8217;Inertia Holding et Google Analytics stockent ne sont en aucun cas partag\u00e9es ou diffus\u00e9es \u00e0 des prestataires ou entreprises externes aux deux soci\u00e9t\u00e9s cit\u00e9es.<\/p>\r\n<h3>Dur\u00e9es de stockage de vos donn\u00e9es<\/h3>\r\n<p>Les donn\u00e9es personnelles que vous communiquez ne sont pas stock\u00e9es sur la base de donn\u00e9es du site internet et seront supprim\u00e9es au plus tard un an apr\u00e8s la fin de la derni\u00e8re relation client que vous avez entretenue avec Inertia Holding. L&#8217;h\u00e9bergeur GoDaddy stocke les emails transmis via le formulaire de contact du site internet, afin qu&#8217;Inertia Holding puisse consulter les messages que vous envoyez. Aucune donn\u00e9e personnelle n&#8217;est stock\u00e9e sur le pr\u00e9sent site internet et la plateforme utilis\u00e9e (WordPress). Les cookies (informations anonymes) sont stock\u00e9s pour une dur\u00e9e d&#8217;un mois sur votre navigateur.<\/p>\r\n<h3>Les droits que vous avez sur vos donn\u00e9es<\/h3>\r\n<p>Si vous avez transmis des donn\u00e9es personnelles \u00e0 Inertia Holding, vous pouvez demander \u00e0 recevoir un fichier contenant toutes les donn\u00e9es personnelles que l&#8217;entreprise poss\u00e8de \u00e0 votre sujet. Vous pouvez \u00e9galement demander la suppression des donn\u00e9es personnelles vous concernant. Cela ne prend pas en compte les donn\u00e9es stock\u00e9es \u00e0 des fins administratives, l\u00e9gales ou pour des raisons de s\u00e9curit\u00e9.<\/p>\r\n<h3>Informations de contact<\/h3>\r\n<p>Pour toute demande d&#8217;information sur vos donn\u00e9es personnelles, merci de <a href=\"https:\/\/inertiame.com\/fr\/contactez-nous\/\">nous \u00e9crire<\/a>.<\/p>\r\n<h3>Comment nous prot\u00e9geons vos donn\u00e9es<\/h3>\r\n<p>Seul le responsable d&#8217;Inertia Holding, M St\u00e9phane NIEMCZYK, a acc\u00e8s aux messages que vous transmettez \u00e0 l&#8217;entreprise. En tant que responsable des traitements des donn\u00e9es, il veillera \u00e0 s\u00e9curiser au maximum vos informations : stockage des emails re\u00e7u via le formulaire de contact pour une dur\u00e9e d&#8217;un an maximum, consultation des messages via un protocole s\u00e9curis\u00e9 (SSL) et archivage de ces derniers sur un poste unique (POP).<\/p>\r\n<h3>Proc\u00e9dures mises en \u0153uvre en cas de fuite de donn\u00e9es<\/h3>\r\n<p>En cas de piratage informatique, de faille de s\u00e9curit\u00e9 ou tout autre probl\u00e8me entrainant une fuite des donn\u00e9es personnelles stock\u00e9es par Inertia Holding , l&#8217;entreprise veillera \u00e0 en informer dans les plus brefs d\u00e9lais les clients concern\u00e9s par email.<\/p>","protected":false},"excerpt":{"rendered":"<p>Qui sommes-nous ? INERTIA HOLDINGPole Innovation &#8211; 18bd Guillet Maillet17100 SAINTES \u2013 FranceT\u00e9l. : 0033 (0) 6 74 19 76&hellip;<\/p>","protected":false},"author":1,"featured_media":0,"parent":0,"menu_order":0,"comment_status":"closed","ping_status":"closed","template":"","meta":{"footnotes":""},"class_list":["post-924","page","type-page","status-publish","hentry"],"_links":{"self":[{"href":"https:\/\/inertiame.com\/fr\/wp-json\/wp\/v2\/pages\/924","targetHints":{"allow":["GET"]}}],"collection":[{"href":"https:\/\/inertiame.com\/fr\/wp-json\/wp\/v2\/pages"}],"about":[{"href":"https:\/\/inertiame.com\/fr\/wp-json\/wp\/v2\/types\/page"}],"author":[{"embeddable":true,"href":"https:\/\/inertiame.com\/fr\/wp-json\/wp\/v2\/users\/1"}],"replies":[{"embeddable":true,"href":"https:\/\/inertiame.com\/fr\/wp-json\/wp\/v2\/comments?post=924"}],"version-history":[{"count":5,"href":"https:\/\/inertiame.com\/fr\/wp-json\/wp\/v2\/pages\/924\/revisions"}],"predecessor-version":[{"id":1174,"href":"https:\/\/inertiame.com\/fr\/wp-json\/wp\/v2\/pages\/924\/revisions\/1174"}],"wp:attachment":[{"href":"https:\/\/inertiame.com\/fr\/wp-json\/wp\/v2\/media?parent=924"}],"curies":[{"name":"wp","href":"https:\/\/api.w.org\/{rel}","templated":true}]}}