{"id":921,"date":"2019-04-16T19:27:01","date_gmt":"2019-04-16T17:27:01","guid":{"rendered":"https:\/\/inertiame.com\/?page_id=921"},"modified":"2020-09-17T17:16:37","modified_gmt":"2020-09-17T15:16:37","slug":"legal","status":"publish","type":"page","link":"https:\/\/inertiame.com\/fr\/legal\/","title":{"rendered":"Legal"},"content":{"rendered":"<h3 class=\"wp-block-heading\">Coordonn\u00e9es<\/h3>\r\n\r\n\r\n\r\n<p>INERTIA SASU<br \/>Cit\u00e9 Entrepreneuriale, Pole Innovation<\/p>\r\n<p>18 bd Guillet Maillet<\/p>\r\n<p>17100 SAINTES, FRANCE<br \/>T\u00e9l. : <a href=\"tel:+33674197668\">0033 (0) 6 74 19 76 68<\/a><\/p>\r\n\r\n\r\n\r\n<p>N\u00b0SIRET : 835 222 530 00023<br \/>Code APE : 6420Z<\/p>\r\n\r\n\r\n\r\n<h3 class=\"wp-block-heading\">Responsabilit\u00e9s<\/h3>\r\n\r\n\r\n\r\n<p>Directeur de la publication et R\u00e9alisation \u00e9ditoriale : St\u00e9phane NIEMCZYK<\/p>\r\n\r\n\r\n\r\n<h3 class=\"wp-block-heading\">H\u00e9bergement<\/h3>\r\n\r\n\r\n\r\n<p>Le site est h\u00e9berg\u00e9 par GoDaddy, dont le si\u00e8ge social est localis\u00e9 \u00e0 l\u2019adresse suivante : <br \/>14455 N Hayden Rd Ste 226<br \/>Scottsdale<br \/>AZ 85260<\/p>\r\n\r\n\r\n\r\n\r\n\r\n<h3 class=\"wp-block-heading\">Droits de reproduction<\/h3>\r\n\r\n\r\n\r\n<p>Les informations pr\u00e9sent\u00e9es sur ce site sont publiques. La reproduction des pages de ce site est autoris\u00e9e \u00e0 la condition d&#8217;y mentionner la source et de cr\u00e9er un lien sur la ou les pages de r\u00e9f\u00e9rence. Elles ne peuvent \u00eatre utilis\u00e9es \u00e0 des fins commerciales ou publicitaires. Lorsque des donn\u00e9es pr\u00e9sentes sur ce site ont un caract\u00e8re nominatif, les utilisateurs doivent en faire un usage conforme aux r\u00e9glementations en vigueur et aux recommandations de la Commission nationale de l&#8217;informatique et des libert\u00e9s (CNIL).<\/p>\r\n\r\n\r\n\r\n<h3 class=\"wp-block-heading\">Informatique et Libert\u00e9s<\/h3>\r\n\r\n\r\n\r\n<p>Conform\u00e9ment \u00e0 la recommandation 2005-284 de la CNIL, le pr\u00e9sent site web n\u2019a pas fait l\u2019objet d\u2019une d\u00e9claration en tant que tel. Toutefois, tous les traitements de donn\u00e9es pr\u00e9sents ou \u00e0 venir concernant ledit site ont \u00e9t\u00e9 ou seront d\u00e9clar\u00e9s \u00e0 la CNIL. Les traitements susnomm\u00e9s sont conformes \u00e0 la NS48 du 07\/06\/2005 \u00e9dit\u00e9e par la Commission Nationale Informatique et Libert\u00e9s (CNIL). Conform\u00e9ment aux articles 38 et 40 de la loi 2004-801 du 06\/08\/2004, vous disposez d\u2019un droit d\u2019acc\u00e8s, de rectification, de suppression des donn\u00e9es vous concernant. Ce droit peut s\u2019exercer en adressant un courrier \u00e0 l\u2019adresse suivante :<\/p>\r\n\r\n\r\n\r\n<p>INERTIA HOLDING<br \/>27 Rue du Breuil<br \/>17610 Dompierre sur Charente &#8211; France<\/p>","protected":false},"excerpt":{"rendered":"<p>Coordonn\u00e9es INERTIA SASUCit\u00e9 Entrepreneuriale, Pole Innovation 18 bd Guillet Maillet 17100 SAINTES, FRANCET\u00e9l. : 0033 (0) 6 74 19 76&hellip;<\/p>","protected":false},"author":1,"featured_media":0,"parent":0,"menu_order":0,"comment_status":"closed","ping_status":"closed","template":"","meta":{"footnotes":""},"class_list":["post-921","page","type-page","status-publish","hentry"],"_links":{"self":[{"href":"https:\/\/inertiame.com\/fr\/wp-json\/wp\/v2\/pages\/921","targetHints":{"allow":["GET"]}}],"collection":[{"href":"https:\/\/inertiame.com\/fr\/wp-json\/wp\/v2\/pages"}],"about":[{"href":"https:\/\/inertiame.com\/fr\/wp-json\/wp\/v2\/types\/page"}],"author":[{"embeddable":true,"href":"https:\/\/inertiame.com\/fr\/wp-json\/wp\/v2\/users\/1"}],"replies":[{"embeddable":true,"href":"https:\/\/inertiame.com\/fr\/wp-json\/wp\/v2\/comments?post=921"}],"version-history":[{"count":5,"href":"https:\/\/inertiame.com\/fr\/wp-json\/wp\/v2\/pages\/921\/revisions"}],"predecessor-version":[{"id":1208,"href":"https:\/\/inertiame.com\/fr\/wp-json\/wp\/v2\/pages\/921\/revisions\/1208"}],"wp:attachment":[{"href":"https:\/\/inertiame.com\/fr\/wp-json\/wp\/v2\/media?parent=921"}],"curies":[{"name":"wp","href":"https:\/\/api.w.org\/{rel}","templated":true}]}}