{"id":673,"date":"2019-04-15T15:11:51","date_gmt":"2019-04-15T13:11:51","guid":{"rendered":"https:\/\/inertiame.com\/?page_id=673"},"modified":"2021-01-08T12:15:41","modified_gmt":"2021-01-08T11:15:41","slug":"company-profile","status":"publish","type":"page","link":"https:\/\/inertiame.com\/fr\/company-profile\/","title":{"rendered":"Pr\u00e9sentation G\u00e9n\u00e9rale"},"content":{"rendered":"<h2>General introduction to who we are<\/h2>\n\t<p>INERTIA is an French engineering company delivering services to the onshore &amp; offshore oil and gas upstream industry. Our office is located in South-west of France within Pole Innovation, a cluster of companies dedicated to innovative solutions.<\/p>\n\t\t\t\t<img loading=\"lazy\" decoding=\"async\" src=\"https:\/\/inertiame.com\/wp-content\/uploads\/2020\/03\/qtq80-3EJezj.jpeg\" alt=\"qtq80-3EJezj\" itemprop=\"image\" height=\"1440\" width=\"1920\" title=\"qtq80-3EJezj\" onerror=\"this.style.display='none'\"  \/>\n\t<p>Since 2016, and as a result of the drop in oil prices in 2014-2015, INERTIA has had the vision to provide its technical expertise via remote services and using digital technologies.<\/p>\n\t<p>It started with a humble objective to provide our clients with improvement opportunities in operations performances &amp; cost efficiencies while improving on the reliability of inspections and audits outputs.<\/p>\n<p>Today, INERTIA&#8217;s methodology has become a strategic solution to the challenges brought by a global pandemic and the difficulties of reduced mobilities.<\/p>\n<p>INERTIA&#8217;s Remote Asset Integrity 4.0 is the only service in the industry placing local &amp; on-site resources at the center of its service delivery strategy.<\/p>\n<p>Please take a moment to visit our company&#8217;s website. Details of our services are available to provide you with a quick, yet accurate, introduction to the way INERTIA supports your operations.<\/p>\n<p>INERTIA also regularly provides company&#8217;s updates via its <a href=\"https:\/\/www.linkedin.com\/company\/inertia-holding-sasu\/?viewAsMember=true\">LinkedIn<\/a> page. Visitors are welcomed to follow us to keep up to date with our news.<\/p>\n<p>Should you have any question, please send us a message via the <a href=\"https:\/\/inertiame.com\/fr\/contactez-nous\/\">contact page<\/a> and our team will reach out to you at the earliest.<\/p>\n\t\t<h3><\/h3>\n\t\t\t<a href=\"https:\/\/inertiame.com\/fr\/\" target=\"_self\" role=\"button\" rel=\"noopener\">\n\t\t\t\t\t\t\tBack Home\n\t\t\t\t\t<\/a>","protected":false},"excerpt":{"rendered":"<p>General introduction to who we are INERTIA is an French engineering company delivering services to the onshore &amp; offshore oil&hellip;<\/p>","protected":false},"author":1,"featured_media":0,"parent":0,"menu_order":0,"comment_status":"closed","ping_status":"closed","template":"","meta":{"footnotes":""},"class_list":["post-673","page","type-page","status-publish","hentry"],"_links":{"self":[{"href":"https:\/\/inertiame.com\/fr\/wp-json\/wp\/v2\/pages\/673","targetHints":{"allow":["GET"]}}],"collection":[{"href":"https:\/\/inertiame.com\/fr\/wp-json\/wp\/v2\/pages"}],"about":[{"href":"https:\/\/inertiame.com\/fr\/wp-json\/wp\/v2\/types\/page"}],"author":[{"embeddable":true,"href":"https:\/\/inertiame.com\/fr\/wp-json\/wp\/v2\/users\/1"}],"replies":[{"embeddable":true,"href":"https:\/\/inertiame.com\/fr\/wp-json\/wp\/v2\/comments?post=673"}],"version-history":[{"count":37,"href":"https:\/\/inertiame.com\/fr\/wp-json\/wp\/v2\/pages\/673\/revisions"}],"predecessor-version":[{"id":1225,"href":"https:\/\/inertiame.com\/fr\/wp-json\/wp\/v2\/pages\/673\/revisions\/1225"}],"wp:attachment":[{"href":"https:\/\/inertiame.com\/fr\/wp-json\/wp\/v2\/media?parent=673"}],"curies":[{"name":"wp","href":"https:\/\/api.w.org\/{rel}","templated":true}]}}