{"id":156,"date":"2019-04-11T15:45:15","date_gmt":"2019-04-11T13:45:15","guid":{"rendered":"https:\/\/inertiame.com\/?page_id=156"},"modified":"2021-01-13T23:51:55","modified_gmt":"2021-01-13T22:51:55","slug":"accueil","status":"publish","type":"page","link":"https:\/\/inertiame.com\/fr\/","title":{"rendered":"\u00c0 propos d'INERTIA"},"content":{"rendered":"<h2>D\u00e9couvrez nos services combinant expertise en ing\u00e9nierie et puissance des technologies digitales.<\/h2>\r\n<h2>Together, let&#8217;s build the industry 4.0, and more.<\/h2>\r\n<hr \/>\r\n<p><a href=\"..\/company-profile\/\" target=\"_self\" rel=\"noopener\"> <img loading=\"lazy\" decoding=\"async\" title=\"Logo INERTIA Bleu Remote Asset Integrity 4.0\" src=\"https:\/\/inertiame.com\/wp-content\/uploads\/2021\/01\/Logo-INERTIA-Bleu-Remote-Asset-Integrity-4.0.png\" alt=\"Logo INERTIA Bleu Remote Asset Integrity 4.0\" width=\"12601\" height=\"6592\" \/> <\/a><\/p>\r\n<h3><a href=\"..\/company-profile\/\" target=\"_self\" rel=\"noopener\">Qui sommes-nous?<\/a><\/h3>\r\n<p><a href=\"https:\/\/inertiame.com\/fr\/mission-values\/\" target=\"_self\" rel=\"noopener\"> <img loading=\"lazy\" decoding=\"async\" title=\"qtq80-SvqGzx\" src=\"https:\/\/inertiame.com\/wp-content\/uploads\/bb-plugin\/cache\/qtq80-SvqGzx-landscape.jpeg\" alt=\"qtq80-SvqGzx\" width=\"1628\" height=\"1440\" \/> <\/a><\/p>\r\n<h3><a href=\"https:\/\/inertiame.com\/fr\/mission-values\/\" target=\"_self\" rel=\"noopener\">Nos valeurs<\/a><\/h3>\r\n<p><a href=\"..\/business-partners\/\" target=\"_self\" rel=\"noopener\"> <img loading=\"lazy\" decoding=\"async\" title=\"qtq80-E2TsyC\" src=\"https:\/\/inertiame.com\/wp-content\/uploads\/bb-plugin\/cache\/qtq80-E2TsyC-landscape.jpeg\" alt=\"qtq80-E2TsyC\" width=\"1254\" height=\"836\" \/> <\/a><\/p>\r\n<h3><a href=\"..\/business-partners\/\" target=\"_self\" rel=\"noopener\">Nos Partenaires<\/a><\/h3>\r\n<p><a href=\"..\/services\/\" target=\"_self\" rel=\"noopener\"> <img loading=\"lazy\" decoding=\"async\" title=\"IMG_6285\" src=\"https:\/\/inertiame.com\/wp-content\/uploads\/bb-plugin\/cache\/IMG_6285-scaled-landscape.jpg\" alt=\"IMG_6285\" width=\"2560\" height=\"1920\" \/> <\/a><\/p>\r\n<h3><a href=\"..\/services\/\" target=\"_self\" rel=\"noopener\">Services sur Site<\/a><\/h3>\r\n<p><a href=\"..\/engineering-services\/\" target=\"_self\" rel=\"noopener\"> <img loading=\"lazy\" decoding=\"async\" title=\"API_Spec_4F_Design\" src=\"https:\/\/inertiame.com\/wp-content\/uploads\/bb-plugin\/cache\/API_Spec_4F_Design-landscape.jpg\" alt=\"API_Spec_4F_Design\" width=\"600\" height=\"450\" \/> <\/a><\/p>\r\n<h3><a href=\"..\/engineering-services\/\" target=\"_self\" rel=\"noopener\">Bureau d'\u00e9tudes<\/a><\/h3>\r\n<h3><a href=\"..\/contactez-nous\/\" target=\"_self\" rel=\"noopener\">Nous Contacter<\/a><\/h3>","protected":false},"excerpt":{"rendered":"<p>Discover our services merging engineering expertise with the power of digital technologies. Together, let&#8217;s build the industry 4.0, and more.&hellip;<\/p>","protected":false},"author":1,"featured_media":0,"parent":0,"menu_order":0,"comment_status":"closed","ping_status":"closed","template":"","meta":{"footnotes":""},"class_list":["post-156","page","type-page","status-publish","hentry"],"_links":{"self":[{"href":"https:\/\/inertiame.com\/fr\/wp-json\/wp\/v2\/pages\/156","targetHints":{"allow":["GET"]}}],"collection":[{"href":"https:\/\/inertiame.com\/fr\/wp-json\/wp\/v2\/pages"}],"about":[{"href":"https:\/\/inertiame.com\/fr\/wp-json\/wp\/v2\/types\/page"}],"author":[{"embeddable":true,"href":"https:\/\/inertiame.com\/fr\/wp-json\/wp\/v2\/users\/1"}],"replies":[{"embeddable":true,"href":"https:\/\/inertiame.com\/fr\/wp-json\/wp\/v2\/comments?post=156"}],"version-history":[{"count":65,"href":"https:\/\/inertiame.com\/fr\/wp-json\/wp\/v2\/pages\/156\/revisions"}],"predecessor-version":[{"id":1277,"href":"https:\/\/inertiame.com\/fr\/wp-json\/wp\/v2\/pages\/156\/revisions\/1277"}],"wp:attachment":[{"href":"https:\/\/inertiame.com\/fr\/wp-json\/wp\/v2\/media?parent=156"}],"curies":[{"name":"wp","href":"https:\/\/api.w.org\/{rel}","templated":true}]}}